{"id":1120,"date":"2022-08-26T00:15:00","date_gmt":"2022-08-25T22:15:00","guid":{"rendered":"http:\/\/box5283.temp.domains\/~orcosbea\/?page_id=1120"},"modified":"2022-11-15T13:13:34","modified_gmt":"2022-11-15T12:13:34","slug":"o-nama","status":"publish","type":"page","link":"https:\/\/orcosbeauty.com\/sr\/o-nama\/","title":{"rendered":"O nama"},"content":{"rendered":"\t\t<div data-elementor-type=\"wp-page\" data-elementor-id=\"1120\" class=\"elementor elementor-1120\" data-elementor-post-type=\"page\">\n\t\t\t\t\t\t<section class=\"elementor-section elementor-top-section elementor-element elementor-element-c688143 elementor-section-content-middle elementor-section-boxed elementor-section-height-default elementor-section-height-default\" data-id=\"c688143\" data-element_type=\"section\" data-settings=\"{&quot;jet_parallax_layout_list&quot;:[],&quot;background_background&quot;:&quot;classic&quot;}\">\n\t\t\t\t\t\t<div class=\"elementor-container elementor-column-gap-default\">\n\t\t\t\t\t<div class=\"elementor-column elementor-col-100 elementor-top-column elementor-element elementor-element-9ebf085\" data-id=\"9ebf085\" data-element_type=\"column\">\n\t\t\t<div class=\"elementor-widget-wrap elementor-element-populated\">\n\t\t\t\t\t\t<div class=\"elementor-element elementor-element-d352682 elementor-widget elementor-widget-heading\" data-id=\"d352682\" data-element_type=\"widget\" data-widget_type=\"heading.default\">\n\t\t\t\t<div class=\"elementor-widget-container\">\n\t\t\t\t\t<h1 class=\"elementor-heading-title elementor-size-default\">O NAMA<\/h1>\t\t\t\t<\/div>\n\t\t\t\t<\/div>\n\t\t\t\t<div class=\"elementor-element elementor-element-528e459 elementor-widget-divider--view-line elementor-widget elementor-widget-divider\" data-id=\"528e459\" data-element_type=\"widget\" data-widget_type=\"divider.default\">\n\t\t\t\t<div class=\"elementor-widget-container\">\n\t\t\t\t\t\t\t<div class=\"elementor-divider\">\n\t\t\t<span class=\"elementor-divider-separator\">\n\t\t\t\t\t\t<\/span>\n\t\t<\/div>\n\t\t\t\t\t\t<\/div>\n\t\t\t\t<\/div>\n\t\t\t\t<div class=\"elementor-element elementor-element-8c611d5 elementor-widget elementor-widget-text-editor\" data-id=\"8c611d5\" data-element_type=\"widget\" data-widget_type=\"text-editor.default\">\n\t\t\t\t<div class=\"elementor-widget-container\">\n\t\t\t\t\t\t\t\t\t<p>Orcos Beauty je distributer mirisa i kozmetike za zemlje Zapadnog Balkana, van EU.<\/p><p>Kompanija sa distributivnom reputacijom, temeljenom na eti\u010dnom, profesionalnom i kredibilnom poslovanju, kao i tradicijom povjerljivih i dugoro\u010dnih partnerskih odnosa sa principalima i kupcima.<\/p><p>Distributivni portfolio brendova je strukturiran u 3 kategorije: mirisi, \u0161minka i kozmetika.<\/p><p>Portfolio presti\u017enih i mas brendova distribuiramo u internacionalnim i lokalnim maloprodajnim lancima parfimerija, drogerija, apoteka i nezavisnih maloprodavaca.<\/p>\t\t\t\t\t\t\t\t<\/div>\n\t\t\t\t<\/div>\n\t\t\t\t\t<\/div>\n\t\t<\/div>\n\t\t\t\t\t<\/div>\n\t\t<\/section>\n\t\t\t\t<section class=\"elementor-section elementor-top-section elementor-element elementor-element-dd00217 elementor-hidden-desktop elementor-section-boxed elementor-section-height-default elementor-section-height-default\" data-id=\"dd00217\" data-element_type=\"section\" data-settings=\"{&quot;jet_parallax_layout_list&quot;:[],&quot;background_background&quot;:&quot;classic&quot;}\">\n\t\t\t\t\t\t\t<div class=\"elementor-background-overlay\"><\/div>\n\t\t\t\t\t\t\t<div class=\"elementor-container elementor-column-gap-default\">\n\t\t\t\t\t<div class=\"elementor-column elementor-col-50 elementor-top-column elementor-element elementor-element-60cac47\" data-id=\"60cac47\" data-element_type=\"column\">\n\t\t\t<div class=\"elementor-widget-wrap\">\n\t\t\t\t\t\t\t<\/div>\n\t\t<\/div>\n\t\t\t\t<div class=\"elementor-column elementor-col-50 elementor-top-column elementor-element elementor-element-d26f641\" data-id=\"d26f641\" data-element_type=\"column\">\n\t\t\t<div class=\"elementor-widget-wrap elementor-element-populated\">\n\t\t\t\t\t\t<div class=\"elementor-element elementor-element-5573e99 elementor-widget elementor-widget-heading\" data-id=\"5573e99\" data-element_type=\"widget\" data-widget_type=\"heading.default\">\n\t\t\t\t<div class=\"elementor-widget-container\">\n\t\t\t\t\t<h2 class=\"elementor-heading-title elementor-size-default\">VIZIJA<\/h2>\t\t\t\t<\/div>\n\t\t\t\t<\/div>\n\t\t\t\t<div class=\"elementor-element elementor-element-b136bed elementor-widget elementor-widget-text-editor\" data-id=\"b136bed\" data-element_type=\"widget\" data-widget_type=\"text-editor.default\">\n\t\t\t\t<div class=\"elementor-widget-container\">\n\t\t\t\t\t\t\t\t\t<p>Biti lider u distribuciji mirisa i kozmeti\u010dkih proizvoda na tr\u017ei\u0161tima Zapadnog Balkana, van EU.<\/p>\t\t\t\t\t\t\t\t<\/div>\n\t\t\t\t<\/div>\n\t\t\t\t<div class=\"elementor-element elementor-element-62438a9 elementor-widget elementor-widget-heading\" data-id=\"62438a9\" data-element_type=\"widget\" data-widget_type=\"heading.default\">\n\t\t\t\t<div class=\"elementor-widget-container\">\n\t\t\t\t\t<h2 class=\"elementor-heading-title elementor-size-default\">MISIJA<\/h2>\t\t\t\t<\/div>\n\t\t\t\t<\/div>\n\t\t\t\t<div class=\"elementor-element elementor-element-9eb6a96 elementor-widget elementor-widget-text-editor\" data-id=\"9eb6a96\" data-element_type=\"widget\" data-widget_type=\"text-editor.default\">\n\t\t\t\t<div class=\"elementor-widget-container\">\n\t\t\t\t\t\t\t\t\t<p>Kontinuirana savr\u0161ena egzekucija kroz sve dodirne ta\u010dke sa potro\u0161a\u010dima, na mjestu prodaje i putem digitalnih kanala komunikacije, \u0161tite\u0107i i uve\u0107avaju\u0107i vrijednosti brendova, a time obezbje\u0111uju\u0107i rast kategorija na\u0161ih maloprodajnih partnera.<\/p>\t\t\t\t\t\t\t\t<\/div>\n\t\t\t\t<\/div>\n\t\t\t\t<div class=\"elementor-element elementor-element-4b10d63 elementor-widget elementor-widget-heading\" data-id=\"4b10d63\" data-element_type=\"widget\" data-widget_type=\"heading.default\">\n\t\t\t\t<div class=\"elementor-widget-container\">\n\t\t\t\t\t<h2 class=\"elementor-heading-title elementor-size-default\">SVRHA<\/h2>\t\t\t\t<\/div>\n\t\t\t\t<\/div>\n\t\t\t\t<div class=\"elementor-element elementor-element-3533cb4 elementor-widget elementor-widget-text-editor\" data-id=\"3533cb4\" data-element_type=\"widget\" data-widget_type=\"text-editor.default\">\n\t\t\t\t<div class=\"elementor-widget-container\">\n\t\t\t\t\t\t\t\t\t<p>Olak\u0161ati na\u0161im potro\u0161a\u010dima pristup najve\u0107im svjetskim brendovima i istovremeno stvoriti mogu\u0107nosti za li\u010dni i profesionalni uravnote\u017een razvoj na\u0161im saradnicima.<\/p>\t\t\t\t\t\t\t\t<\/div>\n\t\t\t\t<\/div>\n\t\t\t\t\t<\/div>\n\t\t<\/div>\n\t\t\t\t\t<\/div>\n\t\t<\/section>\n\t\t\t\t<section class=\"elementor-section elementor-top-section elementor-element elementor-element-b93681c elementor-hidden-tablet elementor-hidden-mobile elementor-section-boxed elementor-section-height-default elementor-section-height-default\" data-id=\"b93681c\" data-element_type=\"section\" data-settings=\"{&quot;jet_parallax_layout_list&quot;:[],&quot;background_background&quot;:&quot;classic&quot;,&quot;background_motion_fx_motion_fx_scrolling&quot;:&quot;yes&quot;,&quot;background_motion_fx_translateY_effect&quot;:&quot;yes&quot;,&quot;background_motion_fx_translateY_direction&quot;:&quot;negative&quot;,&quot;background_motion_fx_translateY_speed&quot;:{&quot;unit&quot;:&quot;px&quot;,&quot;size&quot;:2.20000000000000017763568394002504646778106689453125,&quot;sizes&quot;:[]},&quot;background_motion_fx_translateX_effect&quot;:&quot;yes&quot;,&quot;background_motion_fx_translateX_direction&quot;:&quot;negative&quot;,&quot;background_motion_fx_translateX_speed&quot;:{&quot;unit&quot;:&quot;px&quot;,&quot;size&quot;:2.70000000000000017763568394002504646778106689453125,&quot;sizes&quot;:[]},&quot;background_motion_fx_translateY_affectedRange&quot;:{&quot;unit&quot;:&quot;%&quot;,&quot;size&quot;:&quot;&quot;,&quot;sizes&quot;:{&quot;start&quot;:0,&quot;end&quot;:100}},&quot;background_motion_fx_translateX_affectedRange&quot;:{&quot;unit&quot;:&quot;%&quot;,&quot;size&quot;:&quot;&quot;,&quot;sizes&quot;:{&quot;start&quot;:0,&quot;end&quot;:100}},&quot;background_motion_fx_devices&quot;:[&quot;desktop&quot;,&quot;tablet&quot;,&quot;mobile&quot;]}\">\n\t\t\t\t\t\t\t<div class=\"elementor-background-overlay\"><\/div>\n\t\t\t\t\t\t\t<div class=\"elementor-container elementor-column-gap-default\">\n\t\t\t\t\t<div class=\"elementor-column elementor-col-50 elementor-top-column elementor-element elementor-element-b853beb\" data-id=\"b853beb\" data-element_type=\"column\">\n\t\t\t<div class=\"elementor-widget-wrap\">\n\t\t\t\t\t\t\t<\/div>\n\t\t<\/div>\n\t\t\t\t<div class=\"elementor-column elementor-col-50 elementor-top-column elementor-element elementor-element-1629822\" data-id=\"1629822\" data-element_type=\"column\">\n\t\t\t<div class=\"elementor-widget-wrap elementor-element-populated\">\n\t\t\t\t\t\t<div class=\"elementor-element elementor-element-b6c7203 elementor-widget elementor-widget-heading\" data-id=\"b6c7203\" data-element_type=\"widget\" data-widget_type=\"heading.default\">\n\t\t\t\t<div class=\"elementor-widget-container\">\n\t\t\t\t\t<h2 class=\"elementor-heading-title elementor-size-default\">VIZIJA<\/h2>\t\t\t\t<\/div>\n\t\t\t\t<\/div>\n\t\t\t\t<div class=\"elementor-element elementor-element-0e2f715 elementor-widget elementor-widget-text-editor\" data-id=\"0e2f715\" data-element_type=\"widget\" data-widget_type=\"text-editor.default\">\n\t\t\t\t<div class=\"elementor-widget-container\">\n\t\t\t\t\t\t\t\t\t<p>Biti lider u distribuciji mirisa i kozmeti\u010dkih proizvoda na tr\u017ei\u0161tima Zapadnog Balkana, van EU.<\/p>\t\t\t\t\t\t\t\t<\/div>\n\t\t\t\t<\/div>\n\t\t\t\t<div class=\"elementor-element elementor-element-0a8a2d6 elementor-widget elementor-widget-heading\" data-id=\"0a8a2d6\" data-element_type=\"widget\" data-widget_type=\"heading.default\">\n\t\t\t\t<div class=\"elementor-widget-container\">\n\t\t\t\t\t<h2 class=\"elementor-heading-title elementor-size-default\">MISIJA<\/h2>\t\t\t\t<\/div>\n\t\t\t\t<\/div>\n\t\t\t\t<div class=\"elementor-element elementor-element-7c9f22f elementor-widget elementor-widget-text-editor\" data-id=\"7c9f22f\" data-element_type=\"widget\" data-widget_type=\"text-editor.default\">\n\t\t\t\t<div class=\"elementor-widget-container\">\n\t\t\t\t\t\t\t\t\t<p>Kontinuirana savr\u0161ena egzekucija kroz sve dodirne ta\u010dke sa potro\u0161a\u010dima, na mjestu prodaje i putem digitalnih kanala komunikacije, \u0161tite\u0107i i uve\u0107avaju\u0107i vrijednosti brendova, a time obezbje\u0111uju\u0107i rast kategorija na\u0161ih maloprodajnih partnera.<\/p>\t\t\t\t\t\t\t\t<\/div>\n\t\t\t\t<\/div>\n\t\t\t\t<div class=\"elementor-element elementor-element-4b75ac7 elementor-widget elementor-widget-heading\" data-id=\"4b75ac7\" data-element_type=\"widget\" data-widget_type=\"heading.default\">\n\t\t\t\t<div class=\"elementor-widget-container\">\n\t\t\t\t\t<h2 class=\"elementor-heading-title elementor-size-default\">SVRHA<\/h2>\t\t\t\t<\/div>\n\t\t\t\t<\/div>\n\t\t\t\t<div class=\"elementor-element elementor-element-d3ec1fc elementor-widget elementor-widget-text-editor\" data-id=\"d3ec1fc\" data-element_type=\"widget\" data-widget_type=\"text-editor.default\">\n\t\t\t\t<div class=\"elementor-widget-container\">\n\t\t\t\t\t\t\t\t\t<p>Olak\u0161ati na\u0161im potro\u0161a\u010dima pristup najve\u0107im svjetskim brendovima i istovremeno stvoriti mogu\u0107nosti za li\u010dni i profesionalni uravnote\u017een razvoj na\u0161im saradnicima.<\/p>\t\t\t\t\t\t\t\t<\/div>\n\t\t\t\t<\/div>\n\t\t\t\t\t<\/div>\n\t\t<\/div>\n\t\t\t\t\t<\/div>\n\t\t<\/section>\n\t\t\t\t<section class=\"elementor-section elementor-top-section elementor-element elementor-element-08ebd14 elementor-section-content-middle elementor-section-boxed elementor-section-height-default elementor-section-height-default\" data-id=\"08ebd14\" data-element_type=\"section\" data-settings=\"{&quot;jet_parallax_layout_list&quot;:[],&quot;background_background&quot;:&quot;classic&quot;}\">\n\t\t\t\t\t\t<div class=\"elementor-container elementor-column-gap-default\">\n\t\t\t\t\t<div class=\"elementor-column elementor-col-100 elementor-top-column elementor-element elementor-element-b43e0ce\" data-id=\"b43e0ce\" data-element_type=\"column\">\n\t\t\t<div class=\"elementor-widget-wrap elementor-element-populated\">\n\t\t\t\t\t\t<div class=\"elementor-element elementor-element-1e307f1 elementor-widget elementor-widget-heading\" data-id=\"1e307f1\" data-element_type=\"widget\" data-widget_type=\"heading.default\">\n\t\t\t\t<div class=\"elementor-widget-container\">\n\t\t\t\t\t<h2 class=\"elementor-heading-title elementor-size-default\">VRIJEDNOSTI<\/h2>\t\t\t\t<\/div>\n\t\t\t\t<\/div>\n\t\t\t\t<div class=\"elementor-element elementor-element-90eff4b elementor-widget-divider--view-line elementor-widget elementor-widget-divider\" data-id=\"90eff4b\" data-element_type=\"widget\" data-widget_type=\"divider.default\">\n\t\t\t\t<div class=\"elementor-widget-container\">\n\t\t\t\t\t\t\t<div class=\"elementor-divider\">\n\t\t\t<span class=\"elementor-divider-separator\">\n\t\t\t\t\t\t<\/span>\n\t\t<\/div>\n\t\t\t\t\t\t<\/div>\n\t\t\t\t<\/div>\n\t\t\t\t<div class=\"elementor-element elementor-element-1531925 elementor-widget elementor-widget-text-editor\" data-id=\"1531925\" data-element_type=\"widget\" data-widget_type=\"text-editor.default\">\n\t\t\t\t<div class=\"elementor-widget-container\">\n\t\t\t\t\t\t\t\t\t<p>Orcos Beauty temelji poslovanje na integrisanim vrijednostima, entuzijasti\u010dnog preduzetni\u010dkog duha, distributivnog znanja i iskustva, prepoznavanju biznis prilika i ambicioznom nadma\u0161ivanju postignutih rezultata i ciljeva.<\/p>\n<p>Na tr\u017ei\u0161tu kontinuiranih promjena, agilno i kreativno djelujemo u procesu istih, te kreiramo nove promjene u distributivnom, prodajnom i marketing pristupu i egzekuciji.<\/p>\n<p>Motivisani svakodnevnim tr\u017ei\u0161nim izazovima i te\u017enjom ka perfektnoj egzekuciji, posve\u0107eno radimo na odr\u017eivom razvoju kroz kontinuiran organski rast, te osna\u017eujemo postoje\u0107i portfolio sa pretenzijama \u0161irenja.<\/p>\t\t\t\t\t\t\t\t<\/div>\n\t\t\t\t<\/div>\n\t\t\t\t\t<\/div>\n\t\t<\/div>\n\t\t\t\t\t<\/div>\n\t\t<\/section>\n\t\t\t\t<\/div>\n\t\t","protected":false},"excerpt":{"rendered":"<p>O NAMA Orcos Beauty je distributer mirisa i kozmetike za zemlje Zapadnog Balkana, van EU. Kompanija sa distributivnom reputacijom, temeljenom na eti\u010dnom, profesionalnom i kredibilnom poslovanju, kao i tradicijom povjerljivih i dugoro\u010dnih partnerskih odnosa sa principalima i kupcima. Distributivni portfolio brendova je strukturiran u 3 kategorije: mirisi, \u0161minka i kozmetika. Portfolio presti\u017enih i mas brendova [&hellip;]<\/p>\n","protected":false},"author":1,"featured_media":2100,"parent":0,"menu_order":0,"comment_status":"closed","ping_status":"closed","template":"","meta":{"nf_dc_page":"","footnotes":""},"class_list":["post-1120","page","type-page","status-publish","has-post-thumbnail","hentry"],"yoast_head":"<!-- This site is optimized with the Yoast SEO plugin v27.2 - https:\/\/yoast.com\/product\/yoast-seo-wordpress\/ -->\n<title>O nama - Orcos<\/title>\n<meta name=\"description\" content=\"Orcos je distributer mirisa i kozmetike za zemlje Zapadnog Balkana, van EU.\" \/>\n<meta name=\"robots\" content=\"index, follow, max-snippet:-1, max-image-preview:large, max-video-preview:-1\" \/>\n<link rel=\"canonical\" href=\"http:\/\/orcosbeauty.com\/sr\/o-nama\/\" \/>\n<meta property=\"og:locale\" content=\"sr_RS\" \/>\n<meta property=\"og:type\" content=\"article\" \/>\n<meta property=\"og:title\" content=\"O nama - Orcos\" \/>\n<meta property=\"og:description\" content=\"Orcos je distributer mirisa i kozmetike za zemlje Zapadnog Balkana, van EU.\" \/>\n<meta property=\"og:url\" content=\"http:\/\/orcosbeauty.com\/sr\/o-nama\/\" \/>\n<meta property=\"og:site_name\" content=\"Orcos\" \/>\n<meta property=\"article:modified_time\" content=\"2022-11-15T12:13:34+00:00\" \/>\n<meta property=\"og:image\" content=\"http:\/\/orcosbeauty.com\/wp-content\/uploads\/2022\/09\/orcos-featured.jpg\" \/>\n\t<meta property=\"og:image:width\" content=\"1200\" \/>\n\t<meta property=\"og:image:height\" content=\"628\" \/>\n\t<meta property=\"og:image:type\" content=\"image\/jpeg\" \/>\n<meta name=\"twitter:card\" content=\"summary_large_image\" \/>\n<script type=\"application\/ld+json\" class=\"yoast-schema-graph\">{\"@context\":\"https:\/\/schema.org\",\"@graph\":[{\"@type\":\"WebPage\",\"@id\":\"http:\/\/orcosbeauty.com\/sr\/o-nama\/\",\"url\":\"http:\/\/orcosbeauty.com\/sr\/o-nama\/\",\"name\":\"O nama - Orcos\",\"isPartOf\":{\"@id\":\"http:\/\/orcosbeauty.com\/#website\"},\"primaryImageOfPage\":{\"@id\":\"http:\/\/orcosbeauty.com\/sr\/o-nama\/#primaryimage\"},\"image\":{\"@id\":\"http:\/\/orcosbeauty.com\/sr\/o-nama\/#primaryimage\"},\"thumbnailUrl\":\"https:\/\/orcosbeauty.com\/wp-content\/uploads\/2022\/09\/orcos-featured.jpg\",\"datePublished\":\"2022-08-25T22:15:00+00:00\",\"dateModified\":\"2022-11-15T12:13:34+00:00\",\"description\":\"Orcos je distributer mirisa i kozmetike za zemlje Zapadnog Balkana, van EU.\",\"breadcrumb\":{\"@id\":\"http:\/\/orcosbeauty.com\/sr\/o-nama\/#breadcrumb\"},\"inLanguage\":\"sr-RS\",\"potentialAction\":[{\"@type\":\"ReadAction\",\"target\":[\"http:\/\/orcosbeauty.com\/sr\/o-nama\/\"]}]},{\"@type\":\"ImageObject\",\"inLanguage\":\"sr-RS\",\"@id\":\"http:\/\/orcosbeauty.com\/sr\/o-nama\/#primaryimage\",\"url\":\"https:\/\/orcosbeauty.com\/wp-content\/uploads\/2022\/09\/orcos-featured.jpg\",\"contentUrl\":\"https:\/\/orcosbeauty.com\/wp-content\/uploads\/2022\/09\/orcos-featured.jpg\",\"width\":1200,\"height\":628},{\"@type\":\"BreadcrumbList\",\"@id\":\"http:\/\/orcosbeauty.com\/sr\/o-nama\/#breadcrumb\",\"itemListElement\":[{\"@type\":\"ListItem\",\"position\":1,\"name\":\"\u041f\u043e\u0447\u0435\u0442\u043d\u0430\",\"item\":\"https:\/\/orcosbeauty.com\/\"},{\"@type\":\"ListItem\",\"position\":2,\"name\":\"O nama\"}]},{\"@type\":\"WebSite\",\"@id\":\"http:\/\/orcosbeauty.com\/#website\",\"url\":\"http:\/\/orcosbeauty.com\/\",\"name\":\"Orcos Beauty\",\"description\":\"Distributer mirisa i kozmetike\",\"publisher\":{\"@id\":\"http:\/\/orcosbeauty.com\/#organization\"},\"potentialAction\":[{\"@type\":\"SearchAction\",\"target\":{\"@type\":\"EntryPoint\",\"urlTemplate\":\"http:\/\/orcosbeauty.com\/?s={search_term_string}\"},\"query-input\":{\"@type\":\"PropertyValueSpecification\",\"valueRequired\":true,\"valueName\":\"search_term_string\"}}],\"inLanguage\":\"sr-RS\"},{\"@type\":\"Organization\",\"@id\":\"http:\/\/orcosbeauty.com\/#organization\",\"name\":\"Orcos\",\"url\":\"http:\/\/orcosbeauty.com\/\",\"logo\":{\"@type\":\"ImageObject\",\"inLanguage\":\"sr-RS\",\"@id\":\"http:\/\/orcosbeauty.com\/#\/schema\/logo\/image\/\",\"url\":\"https:\/\/orcosbeauty.com\/wp-content\/uploads\/2022\/09\/orcos-featured.jpg\",\"contentUrl\":\"https:\/\/orcosbeauty.com\/wp-content\/uploads\/2022\/09\/orcos-featured.jpg\",\"width\":1200,\"height\":628,\"caption\":\"Orcos\"},\"image\":{\"@id\":\"http:\/\/orcosbeauty.com\/#\/schema\/logo\/image\/\"}}]}<\/script>\n<!-- \/ Yoast SEO plugin. -->","yoast_head_json":{"title":"O nama - Orcos","description":"Orcos je distributer mirisa i kozmetike za zemlje Zapadnog Balkana, van EU.","robots":{"index":"index","follow":"follow","max-snippet":"max-snippet:-1","max-image-preview":"max-image-preview:large","max-video-preview":"max-video-preview:-1"},"canonical":"http:\/\/orcosbeauty.com\/sr\/o-nama\/","og_locale":"sr_RS","og_type":"article","og_title":"O nama - Orcos","og_description":"Orcos je distributer mirisa i kozmetike za zemlje Zapadnog Balkana, van EU.","og_url":"http:\/\/orcosbeauty.com\/sr\/o-nama\/","og_site_name":"Orcos","article_modified_time":"2022-11-15T12:13:34+00:00","og_image":[{"width":1200,"height":628,"url":"http:\/\/orcosbeauty.com\/wp-content\/uploads\/2022\/09\/orcos-featured.jpg","type":"image\/jpeg"}],"twitter_card":"summary_large_image","schema":{"@context":"https:\/\/schema.org","@graph":[{"@type":"WebPage","@id":"http:\/\/orcosbeauty.com\/sr\/o-nama\/","url":"http:\/\/orcosbeauty.com\/sr\/o-nama\/","name":"O nama - Orcos","isPartOf":{"@id":"http:\/\/orcosbeauty.com\/#website"},"primaryImageOfPage":{"@id":"http:\/\/orcosbeauty.com\/sr\/o-nama\/#primaryimage"},"image":{"@id":"http:\/\/orcosbeauty.com\/sr\/o-nama\/#primaryimage"},"thumbnailUrl":"https:\/\/orcosbeauty.com\/wp-content\/uploads\/2022\/09\/orcos-featured.jpg","datePublished":"2022-08-25T22:15:00+00:00","dateModified":"2022-11-15T12:13:34+00:00","description":"Orcos je distributer mirisa i kozmetike za zemlje Zapadnog Balkana, van EU.","breadcrumb":{"@id":"http:\/\/orcosbeauty.com\/sr\/o-nama\/#breadcrumb"},"inLanguage":"sr-RS","potentialAction":[{"@type":"ReadAction","target":["http:\/\/orcosbeauty.com\/sr\/o-nama\/"]}]},{"@type":"ImageObject","inLanguage":"sr-RS","@id":"http:\/\/orcosbeauty.com\/sr\/o-nama\/#primaryimage","url":"https:\/\/orcosbeauty.com\/wp-content\/uploads\/2022\/09\/orcos-featured.jpg","contentUrl":"https:\/\/orcosbeauty.com\/wp-content\/uploads\/2022\/09\/orcos-featured.jpg","width":1200,"height":628},{"@type":"BreadcrumbList","@id":"http:\/\/orcosbeauty.com\/sr\/o-nama\/#breadcrumb","itemListElement":[{"@type":"ListItem","position":1,"name":"\u041f\u043e\u0447\u0435\u0442\u043d\u0430","item":"https:\/\/orcosbeauty.com\/"},{"@type":"ListItem","position":2,"name":"O nama"}]},{"@type":"WebSite","@id":"http:\/\/orcosbeauty.com\/#website","url":"http:\/\/orcosbeauty.com\/","name":"Orcos Beauty","description":"Distributer mirisa i kozmetike","publisher":{"@id":"http:\/\/orcosbeauty.com\/#organization"},"potentialAction":[{"@type":"SearchAction","target":{"@type":"EntryPoint","urlTemplate":"http:\/\/orcosbeauty.com\/?s={search_term_string}"},"query-input":{"@type":"PropertyValueSpecification","valueRequired":true,"valueName":"search_term_string"}}],"inLanguage":"sr-RS"},{"@type":"Organization","@id":"http:\/\/orcosbeauty.com\/#organization","name":"Orcos","url":"http:\/\/orcosbeauty.com\/","logo":{"@type":"ImageObject","inLanguage":"sr-RS","@id":"http:\/\/orcosbeauty.com\/#\/schema\/logo\/image\/","url":"https:\/\/orcosbeauty.com\/wp-content\/uploads\/2022\/09\/orcos-featured.jpg","contentUrl":"https:\/\/orcosbeauty.com\/wp-content\/uploads\/2022\/09\/orcos-featured.jpg","width":1200,"height":628,"caption":"Orcos"},"image":{"@id":"http:\/\/orcosbeauty.com\/#\/schema\/logo\/image\/"}}]}},"_links":{"self":[{"href":"https:\/\/orcosbeauty.com\/sr\/wp-json\/wp\/v2\/pages\/1120","targetHints":{"allow":["GET"]}}],"collection":[{"href":"https:\/\/orcosbeauty.com\/sr\/wp-json\/wp\/v2\/pages"}],"about":[{"href":"https:\/\/orcosbeauty.com\/sr\/wp-json\/wp\/v2\/types\/page"}],"author":[{"embeddable":true,"href":"https:\/\/orcosbeauty.com\/sr\/wp-json\/wp\/v2\/users\/1"}],"replies":[{"embeddable":true,"href":"https:\/\/orcosbeauty.com\/sr\/wp-json\/wp\/v2\/comments?post=1120"}],"version-history":[{"count":0,"href":"https:\/\/orcosbeauty.com\/sr\/wp-json\/wp\/v2\/pages\/1120\/revisions"}],"wp:featuredmedia":[{"embeddable":true,"href":"https:\/\/orcosbeauty.com\/sr\/wp-json\/wp\/v2\/media\/2100"}],"wp:attachment":[{"href":"https:\/\/orcosbeauty.com\/sr\/wp-json\/wp\/v2\/media?parent=1120"}],"curies":[{"name":"wp","href":"https:\/\/api.w.org\/{rel}","templated":true}]}}