{"id":1731,"date":"2022-09-26T08:28:15","date_gmt":"2022-09-26T06:28:15","guid":{"rendered":"http:\/\/box5283.temp.domains\/~orcosbea\/?page_id=1731"},"modified":"2022-09-27T21:00:08","modified_gmt":"2022-09-27T19:00:08","slug":"distribucija","status":"publish","type":"page","link":"https:\/\/orcosbeauty.com\/sr\/distribucija\/","title":{"rendered":"Distribucija"},"content":{"rendered":"\t\t<div data-elementor-type=\"wp-page\" data-elementor-id=\"1731\" class=\"elementor elementor-1731\" data-elementor-post-type=\"page\">\n\t\t\t\t\t\t<section class=\"elementor-section elementor-top-section elementor-element elementor-element-c688143 elementor-section-content-middle elementor-section-height-min-height elementor-section-boxed elementor-section-height-default elementor-section-items-middle elementor-invisible\" data-id=\"c688143\" data-element_type=\"section\" data-settings=\"{&quot;jet_parallax_layout_list&quot;:[],&quot;background_background&quot;:&quot;classic&quot;,&quot;animation&quot;:&quot;fadeInLeft&quot;}\">\n\t\t\t\t\t\t\t<div class=\"elementor-background-overlay\"><\/div>\n\t\t\t\t\t\t\t<div class=\"elementor-container elementor-column-gap-default\">\n\t\t\t\t\t<div class=\"elementor-column elementor-col-100 elementor-top-column elementor-element elementor-element-9ebf085\" data-id=\"9ebf085\" data-element_type=\"column\">\n\t\t\t<div class=\"elementor-widget-wrap\">\n\t\t\t\t\t\t\t<\/div>\n\t\t<\/div>\n\t\t\t\t\t<\/div>\n\t\t<\/section>\n\t\t\t\t<section class=\"elementor-section elementor-top-section elementor-element elementor-element-f0420f3 elementor-section-full_width elementor-section-height-min-height elementor-reverse-tablet elementor-reverse-mobile elementor-section-height-default elementor-section-items-middle\" data-id=\"f0420f3\" data-element_type=\"section\" id=\"distribucija\" data-settings=\"{&quot;jet_parallax_layout_list&quot;:[],&quot;background_background&quot;:&quot;classic&quot;}\">\n\t\t\t\t\t\t<div class=\"elementor-container elementor-column-gap-default\">\n\t\t\t\t\t<div class=\"elementor-column elementor-col-50 elementor-top-column elementor-element elementor-element-556d32c\" data-id=\"556d32c\" data-element_type=\"column\" data-settings=\"{&quot;background_background&quot;:&quot;classic&quot;}\">\n\t\t\t<div class=\"elementor-widget-wrap\">\n\t\t\t\t\t\t\t<\/div>\n\t\t<\/div>\n\t\t\t\t<div class=\"elementor-column elementor-col-50 elementor-top-column elementor-element elementor-element-e86c14a\" data-id=\"e86c14a\" data-element_type=\"column\">\n\t\t\t<div class=\"elementor-widget-wrap elementor-element-populated\">\n\t\t\t\t\t\t<div class=\"elementor-element elementor-element-e0d02fa elementor-widget elementor-widget-heading\" data-id=\"e0d02fa\" data-element_type=\"widget\" data-widget_type=\"heading.default\">\n\t\t\t\t<div class=\"elementor-widget-container\">\n\t\t\t\t\t<h2 class=\"elementor-heading-title elementor-size-default\">DISTRIBUTIVNI MODEL<\/h2>\t\t\t\t<\/div>\n\t\t\t\t<\/div>\n\t\t\t\t<div class=\"elementor-element elementor-element-10483ae elementor-widget-divider--view-line elementor-widget elementor-widget-divider\" data-id=\"10483ae\" data-element_type=\"widget\" data-widget_type=\"divider.default\">\n\t\t\t\t<div class=\"elementor-widget-container\">\n\t\t\t\t\t\t\t<div class=\"elementor-divider\">\n\t\t\t<span class=\"elementor-divider-separator\">\n\t\t\t\t\t\t<\/span>\n\t\t<\/div>\n\t\t\t\t\t\t<\/div>\n\t\t\t\t<\/div>\n\t\t\t\t<div class=\"elementor-element elementor-element-e44ddcc elementor-widget elementor-widget-text-editor\" data-id=\"e44ddcc\" data-element_type=\"widget\" data-widget_type=\"text-editor.default\">\n\t\t\t\t<div class=\"elementor-widget-container\">\n\t\t\t\t\t\t\t\t\t<p><span style=\"font-size: 1rem;\">Strategija poslovanja je zasnovana na regionalnoj distribuciji i operativnom modelu koji garantuje, brzu, jednostavnu, kvalitetnu egzekuciju i tro\u0161kovnu efikasnost.\u00a0<\/span><span style=\"font-size: 1rem;\">Distributivni model je podr\u017ean i osna\u017een \u010dvrstim partnerskim odnosima, direktnom i bliskom saradnjom sa lokalnim timovima maloprodavaca.<\/span><\/p><p>Trenutno operiramo na 4\u00a0 tr\u017ei\u0161ta zapadnog Balkana, van EU, uz pretenziju \u0161irenja tr\u017ei\u0161ta i distributivnog portfolija na svakom posebno.<\/p><p>Kontinuirano istra\u017eujemo tr\u017ei\u0161ne mogu\u0107nosti, distributivni gap, konkurentnost, trendove promjena u potrebama potro\u0161a\u010da, kao i brendove koji mogu zadovoljiti iste i pove\u0107ati vrijednost kategorija na\u0161ih maloprodajnih partnera.<\/p>\t\t\t\t\t\t\t\t<\/div>\n\t\t\t\t<\/div>\n\t\t\t\t\t<\/div>\n\t\t<\/div>\n\t\t\t\t\t<\/div>\n\t\t<\/section>\n\t\t\t\t<section class=\"elementor-section elementor-top-section elementor-element elementor-element-f29279c elementor-section-full_width elementor-section-height-default elementor-section-height-default\" data-id=\"f29279c\" data-element_type=\"section\" data-settings=\"{&quot;jet_parallax_layout_list&quot;:[]}\">\n\t\t\t\t\t\t<div class=\"elementor-container elementor-column-gap-default\">\n\t\t\t\t\t<div class=\"elementor-column elementor-col-50 elementor-top-column elementor-element elementor-element-632a431\" data-id=\"632a431\" data-element_type=\"column\">\n\t\t\t<div class=\"elementor-widget-wrap elementor-element-populated\">\n\t\t\t\t\t\t<div class=\"elementor-element elementor-element-afb7620 elementor-widget elementor-widget-heading\" data-id=\"afb7620\" data-element_type=\"widget\" data-widget_type=\"heading.default\">\n\t\t\t\t<div class=\"elementor-widget-container\">\n\t\t\t\t\t<h2 class=\"elementor-heading-title elementor-size-default\">DISTRIBUTIVNI PRISTUP I EGZEKUCIJA<\/h2>\t\t\t\t<\/div>\n\t\t\t\t<\/div>\n\t\t\t\t<div class=\"elementor-element elementor-element-599bb14 elementor-widget-divider--view-line elementor-widget elementor-widget-divider\" data-id=\"599bb14\" data-element_type=\"widget\" data-widget_type=\"divider.default\">\n\t\t\t\t<div class=\"elementor-widget-container\">\n\t\t\t\t\t\t\t<div class=\"elementor-divider\">\n\t\t\t<span class=\"elementor-divider-separator\">\n\t\t\t\t\t\t<\/span>\n\t\t<\/div>\n\t\t\t\t\t\t<\/div>\n\t\t\t\t<\/div>\n\t\t\t\t<div class=\"elementor-element elementor-element-e27dbf0 elementor-widget elementor-widget-text-editor\" data-id=\"e27dbf0\" data-element_type=\"widget\" data-widget_type=\"text-editor.default\">\n\t\t\t\t<div class=\"elementor-widget-container\">\n\t\t\t\t\t\t\t\t\t<p><strong>ZNANJE O BRENDU I ASORTIMANU<\/strong><\/p><p>Temeljno poznavanje istorije, vrijednosti, principa i strategije brendova, njihovog asortimana, osnova su za gra\u0111enje lokalne svijesti o brendu, kako bi kupcima ponudili jedinstveno iskustvo kupovine.<\/p>\t\t\t\t\t\t\t\t<\/div>\n\t\t\t\t<\/div>\n\t\t\t\t<div class=\"elementor-element elementor-element-a6a22ab elementor-widget elementor-widget-text-editor\" data-id=\"a6a22ab\" data-element_type=\"widget\" data-widget_type=\"text-editor.default\">\n\t\t\t\t<div class=\"elementor-widget-container\">\n\t\t\t\t\t\t\t\t\t<p><strong>O\u010cUVANJE VRIJEDNOSTI BRENDA<\/strong><\/p><p>Bliska saradnja sa principalima u cilju obezbje\u0111ivanja jedinstvene strategije za svaki brend posebno. Posve\u0107en rad na za\u0161titi i pove\u0107anju vrijednosti svakog brenda.<\/p>\t\t\t\t\t\t\t\t<\/div>\n\t\t\t\t<\/div>\n\t\t\t\t<div class=\"elementor-element elementor-element-5945a90 elementor-widget elementor-widget-text-editor\" data-id=\"5945a90\" data-element_type=\"widget\" data-widget_type=\"text-editor.default\">\n\t\t\t\t<div class=\"elementor-widget-container\">\n\t\t\t\t\t\t\t\t\t<p><strong>POZNAVANJE TR\u017dI\u0160TA<\/strong><\/p><p>Temeljno poznavanje lokalnih tr\u017ei\u0161ta, aktivno i kontinuirno pra\u0107enje tr\u017ei\u0161nih promjena, egzekucije konkurencije, gra\u0111enje i odr\u017eavanje partnerske saradnje sa maloprodavcima.<\/p>\t\t\t\t\t\t\t\t<\/div>\n\t\t\t\t<\/div>\n\t\t\t\t<div class=\"elementor-element elementor-element-e98e3d5 elementor-widget elementor-widget-text-editor\" data-id=\"e98e3d5\" data-element_type=\"widget\" data-widget_type=\"text-editor.default\">\n\t\t\t\t<div class=\"elementor-widget-container\">\n\t\t\t\t\t\t\t\t\t<p><strong>STVARANJE DODATNE VRIJEDNOSTI<\/strong><\/p><p>Posve\u0107eni smo stvaranju dodatne vrijednosti za brendove, principale, maloprodavce, lojalnost potro\u0161a\u010da i lojalnost zaposlenih.<\/p>\t\t\t\t\t\t\t\t<\/div>\n\t\t\t\t<\/div>\n\t\t\t\t<div class=\"elementor-element elementor-element-5335adf elementor-widget elementor-widget-text-editor\" data-id=\"5335adf\" data-element_type=\"widget\" data-widget_type=\"text-editor.default\">\n\t\t\t\t<div class=\"elementor-widget-container\">\n\t\t\t\t\t\t\t\t\t<p><strong>PRILAGO\u0110ENE PRODAJNE I MARKETING STRATEGIJE<\/strong><\/p><p>Radoznali kako na\u0161i kupci vide i do\u017eivljavaju ljepotu, kreiramo i implementiramo inovativne, artaktivne i kreativne prodajne i marketing strategije, kako bi obezbijedili po\u017eeljnu i \u010dulnu vrijednost za potro\u0161a\u010da.<\/p>\t\t\t\t\t\t\t\t<\/div>\n\t\t\t\t<\/div>\n\t\t\t\t\t<\/div>\n\t\t<\/div>\n\t\t\t\t<div class=\"elementor-column elementor-col-50 elementor-top-column elementor-element elementor-element-bff43c0\" data-id=\"bff43c0\" data-element_type=\"column\" data-settings=\"{&quot;background_background&quot;:&quot;classic&quot;}\">\n\t\t\t<div class=\"elementor-widget-wrap\">\n\t\t\t\t\t\t\t<\/div>\n\t\t<\/div>\n\t\t\t\t\t<\/div>\n\t\t<\/section>\n\t\t\t\t<\/div>\n\t\t","protected":false},"excerpt":{"rendered":"<p>DISTRIBUTIVNI MODEL Strategija poslovanja je zasnovana na regionalnoj distribuciji i operativnom modelu koji garantuje, brzu, jednostavnu, kvalitetnu egzekuciju i tro\u0161kovnu efikasnost.\u00a0Distributivni model je podr\u017ean i osna\u017een \u010dvrstim partnerskim odnosima, direktnom i bliskom saradnjom sa lokalnim timovima maloprodavaca. Trenutno operiramo na 4\u00a0 tr\u017ei\u0161ta zapadnog Balkana, van EU, uz pretenziju \u0161irenja tr\u017ei\u0161ta i distributivnog portfolija na svakom [&hellip;]<\/p>\n","protected":false},"author":1,"featured_media":2100,"parent":0,"menu_order":0,"comment_status":"closed","ping_status":"closed","template":"","meta":{"nf_dc_page":"","footnotes":""},"class_list":["post-1731","page","type-page","status-publish","has-post-thumbnail","hentry"],"yoast_head":"<!-- This site is optimized with the Yoast SEO plugin v27.2 - https:\/\/yoast.com\/product\/yoast-seo-wordpress\/ -->\n<title>Distribucija - Orcos<\/title>\n<meta name=\"description\" content=\"Trenutno operiramo na 4 tr\u017ei\u0161ta zapadnog Balkana, van EU, uz pretenziju \u0161irenja tr\u017ei\u0161ta i distributivnog portfolija na svakom posebno.\" \/>\n<meta name=\"robots\" content=\"index, follow, max-snippet:-1, max-image-preview:large, max-video-preview:-1\" \/>\n<link rel=\"canonical\" href=\"http:\/\/orcosbeauty.com\/distribucija\/\" \/>\n<meta property=\"og:locale\" content=\"sr_RS\" \/>\n<meta property=\"og:type\" content=\"article\" \/>\n<meta property=\"og:title\" content=\"Distribucija - Orcos\" \/>\n<meta property=\"og:description\" content=\"Trenutno operiramo na 4 tr\u017ei\u0161ta zapadnog Balkana, van EU, uz pretenziju \u0161irenja tr\u017ei\u0161ta i distributivnog portfolija na svakom posebno.\" \/>\n<meta property=\"og:url\" content=\"http:\/\/orcosbeauty.com\/distribucija\/\" \/>\n<meta property=\"og:site_name\" content=\"Orcos\" \/>\n<meta property=\"article:modified_time\" content=\"2022-09-27T19:00:08+00:00\" \/>\n<meta property=\"og:image\" content=\"http:\/\/orcosbeauty.com\/wp-content\/uploads\/2022\/09\/orcos-featured.jpg\" \/>\n\t<meta property=\"og:image:width\" content=\"1200\" \/>\n\t<meta property=\"og:image:height\" content=\"628\" \/>\n\t<meta property=\"og:image:type\" content=\"image\/jpeg\" \/>\n<meta name=\"twitter:card\" content=\"summary_large_image\" \/>\n<script type=\"application\/ld+json\" class=\"yoast-schema-graph\">{\"@context\":\"https:\/\/schema.org\",\"@graph\":[{\"@type\":\"WebPage\",\"@id\":\"http:\/\/orcosbeauty.com\/distribucija\/\",\"url\":\"http:\/\/orcosbeauty.com\/distribucija\/\",\"name\":\"Distribucija - Orcos\",\"isPartOf\":{\"@id\":\"http:\/\/orcosbeauty.com\/#website\"},\"primaryImageOfPage\":{\"@id\":\"http:\/\/orcosbeauty.com\/distribucija\/#primaryimage\"},\"image\":{\"@id\":\"http:\/\/orcosbeauty.com\/distribucija\/#primaryimage\"},\"thumbnailUrl\":\"https:\/\/orcosbeauty.com\/wp-content\/uploads\/2022\/09\/orcos-featured.jpg\",\"datePublished\":\"2022-09-26T06:28:15+00:00\",\"dateModified\":\"2022-09-27T19:00:08+00:00\",\"description\":\"Trenutno operiramo na 4 tr\u017ei\u0161ta zapadnog Balkana, van EU, uz pretenziju \u0161irenja tr\u017ei\u0161ta i distributivnog portfolija na svakom posebno.\",\"breadcrumb\":{\"@id\":\"http:\/\/orcosbeauty.com\/distribucija\/#breadcrumb\"},\"inLanguage\":\"sr-RS\",\"potentialAction\":[{\"@type\":\"ReadAction\",\"target\":[\"http:\/\/orcosbeauty.com\/distribucija\/\"]}]},{\"@type\":\"ImageObject\",\"inLanguage\":\"sr-RS\",\"@id\":\"http:\/\/orcosbeauty.com\/distribucija\/#primaryimage\",\"url\":\"https:\/\/orcosbeauty.com\/wp-content\/uploads\/2022\/09\/orcos-featured.jpg\",\"contentUrl\":\"https:\/\/orcosbeauty.com\/wp-content\/uploads\/2022\/09\/orcos-featured.jpg\",\"width\":1200,\"height\":628},{\"@type\":\"BreadcrumbList\",\"@id\":\"http:\/\/orcosbeauty.com\/distribucija\/#breadcrumb\",\"itemListElement\":[{\"@type\":\"ListItem\",\"position\":1,\"name\":\"\u041f\u043e\u0447\u0435\u0442\u043d\u0430\",\"item\":\"https:\/\/orcosbeauty.com\/\"},{\"@type\":\"ListItem\",\"position\":2,\"name\":\"Distribucija\"}]},{\"@type\":\"WebSite\",\"@id\":\"http:\/\/orcosbeauty.com\/#website\",\"url\":\"http:\/\/orcosbeauty.com\/\",\"name\":\"Orcos Beauty\",\"description\":\"Distributer mirisa i kozmetike\",\"publisher\":{\"@id\":\"http:\/\/orcosbeauty.com\/#organization\"},\"potentialAction\":[{\"@type\":\"SearchAction\",\"target\":{\"@type\":\"EntryPoint\",\"urlTemplate\":\"http:\/\/orcosbeauty.com\/?s={search_term_string}\"},\"query-input\":{\"@type\":\"PropertyValueSpecification\",\"valueRequired\":true,\"valueName\":\"search_term_string\"}}],\"inLanguage\":\"sr-RS\"},{\"@type\":\"Organization\",\"@id\":\"http:\/\/orcosbeauty.com\/#organization\",\"name\":\"Orcos\",\"url\":\"http:\/\/orcosbeauty.com\/\",\"logo\":{\"@type\":\"ImageObject\",\"inLanguage\":\"sr-RS\",\"@id\":\"http:\/\/orcosbeauty.com\/#\/schema\/logo\/image\/\",\"url\":\"https:\/\/orcosbeauty.com\/wp-content\/uploads\/2022\/09\/orcos-featured.jpg\",\"contentUrl\":\"https:\/\/orcosbeauty.com\/wp-content\/uploads\/2022\/09\/orcos-featured.jpg\",\"width\":1200,\"height\":628,\"caption\":\"Orcos\"},\"image\":{\"@id\":\"http:\/\/orcosbeauty.com\/#\/schema\/logo\/image\/\"}}]}<\/script>\n<!-- \/ Yoast SEO plugin. -->","yoast_head_json":{"title":"Distribucija - Orcos","description":"Trenutno operiramo na 4 tr\u017ei\u0161ta zapadnog Balkana, van EU, uz pretenziju \u0161irenja tr\u017ei\u0161ta i distributivnog portfolija na svakom posebno.","robots":{"index":"index","follow":"follow","max-snippet":"max-snippet:-1","max-image-preview":"max-image-preview:large","max-video-preview":"max-video-preview:-1"},"canonical":"http:\/\/orcosbeauty.com\/distribucija\/","og_locale":"sr_RS","og_type":"article","og_title":"Distribucija - Orcos","og_description":"Trenutno operiramo na 4 tr\u017ei\u0161ta zapadnog Balkana, van EU, uz pretenziju \u0161irenja tr\u017ei\u0161ta i distributivnog portfolija na svakom posebno.","og_url":"http:\/\/orcosbeauty.com\/distribucija\/","og_site_name":"Orcos","article_modified_time":"2022-09-27T19:00:08+00:00","og_image":[{"width":1200,"height":628,"url":"http:\/\/orcosbeauty.com\/wp-content\/uploads\/2022\/09\/orcos-featured.jpg","type":"image\/jpeg"}],"twitter_card":"summary_large_image","schema":{"@context":"https:\/\/schema.org","@graph":[{"@type":"WebPage","@id":"http:\/\/orcosbeauty.com\/distribucija\/","url":"http:\/\/orcosbeauty.com\/distribucija\/","name":"Distribucija - Orcos","isPartOf":{"@id":"http:\/\/orcosbeauty.com\/#website"},"primaryImageOfPage":{"@id":"http:\/\/orcosbeauty.com\/distribucija\/#primaryimage"},"image":{"@id":"http:\/\/orcosbeauty.com\/distribucija\/#primaryimage"},"thumbnailUrl":"https:\/\/orcosbeauty.com\/wp-content\/uploads\/2022\/09\/orcos-featured.jpg","datePublished":"2022-09-26T06:28:15+00:00","dateModified":"2022-09-27T19:00:08+00:00","description":"Trenutno operiramo na 4 tr\u017ei\u0161ta zapadnog Balkana, van EU, uz pretenziju \u0161irenja tr\u017ei\u0161ta i distributivnog portfolija na svakom posebno.","breadcrumb":{"@id":"http:\/\/orcosbeauty.com\/distribucija\/#breadcrumb"},"inLanguage":"sr-RS","potentialAction":[{"@type":"ReadAction","target":["http:\/\/orcosbeauty.com\/distribucija\/"]}]},{"@type":"ImageObject","inLanguage":"sr-RS","@id":"http:\/\/orcosbeauty.com\/distribucija\/#primaryimage","url":"https:\/\/orcosbeauty.com\/wp-content\/uploads\/2022\/09\/orcos-featured.jpg","contentUrl":"https:\/\/orcosbeauty.com\/wp-content\/uploads\/2022\/09\/orcos-featured.jpg","width":1200,"height":628},{"@type":"BreadcrumbList","@id":"http:\/\/orcosbeauty.com\/distribucija\/#breadcrumb","itemListElement":[{"@type":"ListItem","position":1,"name":"\u041f\u043e\u0447\u0435\u0442\u043d\u0430","item":"https:\/\/orcosbeauty.com\/"},{"@type":"ListItem","position":2,"name":"Distribucija"}]},{"@type":"WebSite","@id":"http:\/\/orcosbeauty.com\/#website","url":"http:\/\/orcosbeauty.com\/","name":"Orcos Beauty","description":"Distributer mirisa i kozmetike","publisher":{"@id":"http:\/\/orcosbeauty.com\/#organization"},"potentialAction":[{"@type":"SearchAction","target":{"@type":"EntryPoint","urlTemplate":"http:\/\/orcosbeauty.com\/?s={search_term_string}"},"query-input":{"@type":"PropertyValueSpecification","valueRequired":true,"valueName":"search_term_string"}}],"inLanguage":"sr-RS"},{"@type":"Organization","@id":"http:\/\/orcosbeauty.com\/#organization","name":"Orcos","url":"http:\/\/orcosbeauty.com\/","logo":{"@type":"ImageObject","inLanguage":"sr-RS","@id":"http:\/\/orcosbeauty.com\/#\/schema\/logo\/image\/","url":"https:\/\/orcosbeauty.com\/wp-content\/uploads\/2022\/09\/orcos-featured.jpg","contentUrl":"https:\/\/orcosbeauty.com\/wp-content\/uploads\/2022\/09\/orcos-featured.jpg","width":1200,"height":628,"caption":"Orcos"},"image":{"@id":"http:\/\/orcosbeauty.com\/#\/schema\/logo\/image\/"}}]}},"_links":{"self":[{"href":"https:\/\/orcosbeauty.com\/sr\/wp-json\/wp\/v2\/pages\/1731","targetHints":{"allow":["GET"]}}],"collection":[{"href":"https:\/\/orcosbeauty.com\/sr\/wp-json\/wp\/v2\/pages"}],"about":[{"href":"https:\/\/orcosbeauty.com\/sr\/wp-json\/wp\/v2\/types\/page"}],"author":[{"embeddable":true,"href":"https:\/\/orcosbeauty.com\/sr\/wp-json\/wp\/v2\/users\/1"}],"replies":[{"embeddable":true,"href":"https:\/\/orcosbeauty.com\/sr\/wp-json\/wp\/v2\/comments?post=1731"}],"version-history":[{"count":0,"href":"https:\/\/orcosbeauty.com\/sr\/wp-json\/wp\/v2\/pages\/1731\/revisions"}],"wp:featuredmedia":[{"embeddable":true,"href":"https:\/\/orcosbeauty.com\/sr\/wp-json\/wp\/v2\/media\/2100"}],"wp:attachment":[{"href":"https:\/\/orcosbeauty.com\/sr\/wp-json\/wp\/v2\/media?parent=1731"}],"curies":[{"name":"wp","href":"https:\/\/api.w.org\/{rel}","templated":true}]}}