{"id":881,"date":"2022-08-24T20:53:24","date_gmt":"2022-08-24T18:53:24","guid":{"rendered":"http:\/\/box5283.temp.domains\/~orcosbea\/?page_id=881"},"modified":"2022-11-15T13:14:34","modified_gmt":"2022-11-15T12:14:34","slug":"karijera","status":"publish","type":"page","link":"https:\/\/orcosbeauty.com\/sr\/karijera\/","title":{"rendered":"Karijera"},"content":{"rendered":"\t\t<div data-elementor-type=\"wp-page\" data-elementor-id=\"881\" class=\"elementor elementor-881\" data-elementor-post-type=\"page\">\n\t\t\t\t\t\t<section class=\"elementor-section elementor-top-section elementor-element elementor-element-bd680ff elementor-section-height-min-height elementor-hidden-tablet elementor-hidden-mobile elementor-section-boxed elementor-section-height-default elementor-section-items-middle\" data-id=\"bd680ff\" data-element_type=\"section\" data-settings=\"{&quot;jet_parallax_layout_list&quot;:[],&quot;background_background&quot;:&quot;classic&quot;}\">\n\t\t\t\t\t\t\t<div class=\"elementor-background-overlay\"><\/div>\n\t\t\t\t\t\t\t<div class=\"elementor-container elementor-column-gap-default\">\n\t\t\t\t\t<div class=\"elementor-column elementor-col-50 elementor-top-column elementor-element elementor-element-87722b0\" data-id=\"87722b0\" data-element_type=\"column\" data-settings=\"{&quot;background_background&quot;:&quot;classic&quot;}\">\n\t\t\t<div class=\"elementor-widget-wrap\">\n\t\t\t\t\t\t\t<\/div>\n\t\t<\/div>\n\t\t\t\t<div class=\"elementor-column elementor-col-50 elementor-top-column elementor-element elementor-element-593f895\" data-id=\"593f895\" data-element_type=\"column\">\n\t\t\t<div class=\"elementor-widget-wrap\">\n\t\t\t\t\t\t\t<\/div>\n\t\t<\/div>\n\t\t\t\t\t<\/div>\n\t\t<\/section>\n\t\t\t\t<section class=\"elementor-section elementor-top-section elementor-element elementor-element-fec0a05 elementor-hidden-desktop elementor-section-boxed elementor-section-height-default elementor-section-height-default\" data-id=\"fec0a05\" data-element_type=\"section\" data-settings=\"{&quot;jet_parallax_layout_list&quot;:[]}\">\n\t\t\t\t\t\t\t<div class=\"elementor-background-overlay\"><\/div>\n\t\t\t\t\t\t\t<div class=\"elementor-container elementor-column-gap-default\">\n\t\t\t\t\t<div class=\"elementor-column elementor-col-100 elementor-top-column elementor-element elementor-element-b2d22e5\" data-id=\"b2d22e5\" data-element_type=\"column\" data-settings=\"{&quot;background_background&quot;:&quot;classic&quot;}\">\n\t\t\t<div class=\"elementor-widget-wrap elementor-element-populated\">\n\t\t\t\t\t\t<div class=\"elementor-element elementor-element-0ed6dc0 elementor-widget elementor-widget-image\" data-id=\"0ed6dc0\" data-element_type=\"widget\" data-widget_type=\"image.default\">\n\t\t\t\t<div class=\"elementor-widget-container\">\n\t\t\t\t\t\t\t\t\t\t\t\t\t\t\t<img loading=\"lazy\" decoding=\"async\" loading=\"lazy\" width=\"1920\" height=\"640\" src=\"https:\/\/orcosbeauty.com\/wp-content\/uploads\/2022\/09\/karijera-orcos.jpg\" class=\"attachment-full size-full wp-image-1738\" alt=\"\" srcset=\"https:\/\/orcosbeauty.com\/wp-content\/uploads\/2022\/09\/karijera-orcos.jpg 1920w, https:\/\/orcosbeauty.com\/wp-content\/uploads\/2022\/09\/karijera-orcos-300x100.jpg 300w, https:\/\/orcosbeauty.com\/wp-content\/uploads\/2022\/09\/karijera-orcos-1024x341.jpg 1024w, https:\/\/orcosbeauty.com\/wp-content\/uploads\/2022\/09\/karijera-orcos-768x256.jpg 768w, https:\/\/orcosbeauty.com\/wp-content\/uploads\/2022\/09\/karijera-orcos-1536x512.jpg 1536w\" sizes=\"auto, (max-width: 1920px) 100vw, 1920px\" \/>\t\t\t\t\t\t\t\t\t\t\t\t\t\t\t<\/div>\n\t\t\t\t<\/div>\n\t\t\t\t\t<\/div>\n\t\t<\/div>\n\t\t\t\t\t<\/div>\n\t\t<\/section>\n\t\t\t\t<section class=\"elementor-section elementor-top-section elementor-element elementor-element-4ded6fe elementor-section-boxed elementor-section-height-default elementor-section-height-default\" data-id=\"4ded6fe\" data-element_type=\"section\" data-settings=\"{&quot;jet_parallax_layout_list&quot;:[]}\">\n\t\t\t\t\t\t<div class=\"elementor-container elementor-column-gap-default\">\n\t\t\t\t\t<div class=\"elementor-column elementor-col-100 elementor-top-column elementor-element elementor-element-0ddd99d\" data-id=\"0ddd99d\" data-element_type=\"column\">\n\t\t\t<div class=\"elementor-widget-wrap elementor-element-populated\">\n\t\t\t\t\t\t<div class=\"elementor-element elementor-element-dae909b elementor-widget elementor-widget-heading\" data-id=\"dae909b\" data-element_type=\"widget\" data-widget_type=\"heading.default\">\n\t\t\t\t<div class=\"elementor-widget-container\">\n\t\t\t\t\t<h1 class=\"elementor-heading-title elementor-size-default\">PRIDRU\u017dI SE NA\u0160EM TIMU!<\/h1>\t\t\t\t<\/div>\n\t\t\t\t<\/div>\n\t\t\t\t<div class=\"elementor-element elementor-element-7be9bc1 elementor-widget-divider--view-line elementor-widget elementor-widget-divider\" data-id=\"7be9bc1\" data-element_type=\"widget\" data-widget_type=\"divider.default\">\n\t\t\t\t<div class=\"elementor-widget-container\">\n\t\t\t\t\t\t\t<div class=\"elementor-divider\">\n\t\t\t<span class=\"elementor-divider-separator\">\n\t\t\t\t\t\t<\/span>\n\t\t<\/div>\n\t\t\t\t\t\t<\/div>\n\t\t\t\t<\/div>\n\t\t\t\t<div class=\"elementor-element elementor-element-0e76ef6 elementor-widget elementor-widget-text-editor\" data-id=\"0e76ef6\" data-element_type=\"widget\" data-widget_type=\"text-editor.default\">\n\t\t\t\t<div class=\"elementor-widget-container\">\n\t\t\t\t\t\t\t\t\t<p>Nudimo visoko izazovno i motiviraju\u0107e okru\u017eenje za rad, sa operativnim mogu\u0107nostima na regionalnom nivou. Podsti\u010demo zaposlene na razvoj li\u010dnih i profesionalnih potencijala i kompetencija, motivisani zajedni\u010dkim interesima i rastom.<\/p><p>Po\u0161tujemo i vrednujemo doprinos svakog pojednica u izgradnji kulture i identiteta kompanije.<\/p><p>\u0160irimo tim sa li\u010dnim i profesionalnim integritetom i harizmom.<\/p>\t\t\t\t\t\t\t\t<\/div>\n\t\t\t\t<\/div>\n\t\t\t\t\t<\/div>\n\t\t<\/div>\n\t\t\t\t\t<\/div>\n\t\t<\/section>\n\t\t\t\t<section class=\"elementor-section elementor-top-section elementor-element elementor-element-25e935f elementor-section-boxed elementor-section-height-default elementor-section-height-default\" data-id=\"25e935f\" data-element_type=\"section\" data-settings=\"{&quot;jet_parallax_layout_list&quot;:[],&quot;background_background&quot;:&quot;classic&quot;}\">\n\t\t\t\t\t\t<div class=\"elementor-container elementor-column-gap-default\">\n\t\t\t\t\t<div class=\"elementor-column elementor-col-100 elementor-top-column elementor-element elementor-element-d912517\" data-id=\"d912517\" data-element_type=\"column\">\n\t\t\t<div class=\"elementor-widget-wrap elementor-element-populated\">\n\t\t\t\t\t\t<div class=\"elementor-element elementor-element-afb7620 elementor-widget elementor-widget-heading\" data-id=\"afb7620\" data-element_type=\"widget\" data-widget_type=\"heading.default\">\n\t\t\t\t<div class=\"elementor-widget-container\">\n\t\t\t\t\t<h2 class=\"elementor-heading-title elementor-size-default\">VRIJEDNOSTI KOJE CIJENIMO I NJEGUJEMO\n<\/h2>\t\t\t\t<\/div>\n\t\t\t\t<\/div>\n\t\t\t\t\t<\/div>\n\t\t<\/div>\n\t\t\t\t\t<\/div>\n\t\t<\/section>\n\t\t\t\t<section class=\"elementor-section elementor-top-section elementor-element elementor-element-77c9d5b elementor-section-boxed elementor-section-height-default elementor-section-height-default\" data-id=\"77c9d5b\" data-element_type=\"section\" data-settings=\"{&quot;jet_parallax_layout_list&quot;:[],&quot;background_background&quot;:&quot;classic&quot;}\">\n\t\t\t\t\t\t<div class=\"elementor-container elementor-column-gap-default\">\n\t\t\t\t\t<div class=\"elementor-column elementor-col-33 elementor-top-column elementor-element elementor-element-65fecaa\" data-id=\"65fecaa\" data-element_type=\"column\">\n\t\t\t<div class=\"elementor-widget-wrap elementor-element-populated\">\n\t\t\t\t\t\t<div class=\"elementor-element elementor-element-07428a5 elementor-widget elementor-widget-heading\" data-id=\"07428a5\" data-element_type=\"widget\" data-widget_type=\"heading.default\">\n\t\t\t\t<div class=\"elementor-widget-container\">\n\t\t\t\t\t<h4 class=\"elementor-heading-title elementor-size-default\">DIJELIMO ZNANJE I AMBICIJE<\/h4>\t\t\t\t<\/div>\n\t\t\t\t<\/div>\n\t\t\t\t<div class=\"elementor-element elementor-element-c5c3256 elementor-widget elementor-widget-text-editor\" data-id=\"c5c3256\" data-element_type=\"widget\" data-widget_type=\"text-editor.default\">\n\t\t\t\t<div class=\"elementor-widget-container\">\n\t\t\t\t\t\t\t\t\t<p>U skladu sa li\u010dnim ambicijama zaposlenih, postavljamo profesionalne ciljeve i razvojne planove, kompatibilne razvojnom planu kompanije.<\/p><p>Dijelimo dugogodi\u0161nje znanje i iskustvo dok zajedno sti\u010demo i stvaramo nova.<\/p>\t\t\t\t\t\t\t\t<\/div>\n\t\t\t\t<\/div>\n\t\t\t\t<div class=\"elementor-element elementor-element-2fd2663 elementor-widget elementor-widget-heading\" data-id=\"2fd2663\" data-element_type=\"widget\" data-widget_type=\"heading.default\">\n\t\t\t\t<div class=\"elementor-widget-container\">\n\t\t\t\t\t<h4 class=\"elementor-heading-title elementor-size-default\">NJEGUJEMO<\/h4>\t\t\t\t<\/div>\n\t\t\t\t<\/div>\n\t\t\t\t<div class=\"elementor-element elementor-element-bec6f52 elementor-widget elementor-widget-text-editor\" data-id=\"bec6f52\" data-element_type=\"widget\" data-widget_type=\"text-editor.default\">\n\t\t\t\t<div class=\"elementor-widget-container\">\n\t\t\t\t\t\t\t\t\t<p>Njegujemo eti\u010dno poslovanje, odgovornost, kolegijalnost, profesionalan i partnerski odnos sa&nbsp;principalima i kupcima.<\/p>\t\t\t\t\t\t\t\t<\/div>\n\t\t\t\t<\/div>\n\t\t\t\t\t<\/div>\n\t\t<\/div>\n\t\t\t\t<div class=\"elementor-column elementor-col-33 elementor-top-column elementor-element elementor-element-fb5a551\" data-id=\"fb5a551\" data-element_type=\"column\">\n\t\t\t<div class=\"elementor-widget-wrap elementor-element-populated\">\n\t\t\t\t\t\t<div class=\"elementor-element elementor-element-8c77972 elementor-widget elementor-widget-image\" data-id=\"8c77972\" data-element_type=\"widget\" data-widget_type=\"image.default\">\n\t\t\t\t<div class=\"elementor-widget-container\">\n\t\t\t\t\t\t\t\t\t\t\t\t\t\t\t<img loading=\"lazy\" decoding=\"async\" loading=\"lazy\" width=\"800\" height=\"601\" src=\"https:\/\/orcosbeauty.com\/wp-content\/uploads\/2022\/09\/2.-Vrijednosti-koje-cijenimo-i-njegujemo-1024x769.jpg\" class=\"attachment-large size-large wp-image-1741\" alt=\"\" srcset=\"https:\/\/orcosbeauty.com\/wp-content\/uploads\/2022\/09\/2.-Vrijednosti-koje-cijenimo-i-njegujemo-1024x769.jpg 1024w, https:\/\/orcosbeauty.com\/wp-content\/uploads\/2022\/09\/2.-Vrijednosti-koje-cijenimo-i-njegujemo-300x225.jpg 300w, https:\/\/orcosbeauty.com\/wp-content\/uploads\/2022\/09\/2.-Vrijednosti-koje-cijenimo-i-njegujemo-768x577.jpg 768w, https:\/\/orcosbeauty.com\/wp-content\/uploads\/2022\/09\/2.-Vrijednosti-koje-cijenimo-i-njegujemo.jpg 1200w\" sizes=\"auto, (max-width: 800px) 100vw, 800px\" \/>\t\t\t\t\t\t\t\t\t\t\t\t\t\t\t<\/div>\n\t\t\t\t<\/div>\n\t\t\t\t\t<\/div>\n\t\t<\/div>\n\t\t\t\t<div class=\"elementor-column elementor-col-33 elementor-top-column elementor-element elementor-element-c30cd05\" data-id=\"c30cd05\" data-element_type=\"column\">\n\t\t\t<div class=\"elementor-widget-wrap elementor-element-populated\">\n\t\t\t\t\t\t<div class=\"elementor-element elementor-element-633a570 elementor-widget elementor-widget-heading\" data-id=\"633a570\" data-element_type=\"widget\" data-widget_type=\"heading.default\">\n\t\t\t\t<div class=\"elementor-widget-container\">\n\t\t\t\t\t<h4 class=\"elementor-heading-title elementor-size-default\">CIJENIMO<\/h4>\t\t\t\t<\/div>\n\t\t\t\t<\/div>\n\t\t\t\t<div class=\"elementor-element elementor-element-48c7693 elementor-widget elementor-widget-text-editor\" data-id=\"48c7693\" data-element_type=\"widget\" data-widget_type=\"text-editor.default\">\n\t\t\t\t<div class=\"elementor-widget-container\">\n\t\t\t\t\t\t\t\t\t<p>Kao osnov za razvoj i uspjeh, cijenimo entuzijazam i strast prema \u017eivotu, poslu i brendovima koje prezentujemo potro\u0161a\u010dima na na\u0161im tr\u017ei\u0161tima.<\/p><p>Cijenimo ljude koji prepoznaju prilike, imaju strategije i implementaciju koja ostavlja utisak i pravi tr\u017ei\u0161nu razliku.<\/p>\t\t\t\t\t\t\t\t<\/div>\n\t\t\t\t<\/div>\n\t\t\t\t<div class=\"elementor-element elementor-element-6af03c1 elementor-widget elementor-widget-heading\" data-id=\"6af03c1\" data-element_type=\"widget\" data-widget_type=\"heading.default\">\n\t\t\t\t<div class=\"elementor-widget-container\">\n\t\t\t\t\t<h4 class=\"elementor-heading-title elementor-size-default\">PODSTI\u010cEMO<\/h4>\t\t\t\t<\/div>\n\t\t\t\t<\/div>\n\t\t\t\t<div class=\"elementor-element elementor-element-f438968 elementor-widget elementor-widget-text-editor\" data-id=\"f438968\" data-element_type=\"widget\" data-widget_type=\"text-editor.default\">\n\t\t\t\t<div class=\"elementor-widget-container\">\n\t\t\t\t\t\t\t\t\t<p>Podsti\u010demo i o\u010dekujemo proaktivnost, kreativnost i inovativnost u pristupu i realizaciji posla.<\/p>\t\t\t\t\t\t\t\t<\/div>\n\t\t\t\t<\/div>\n\t\t\t\t\t<\/div>\n\t\t<\/div>\n\t\t\t\t\t<\/div>\n\t\t<\/section>\n\t\t\t\t<section class=\"elementor-section elementor-top-section elementor-element elementor-element-f75e5af elementor-section-boxed elementor-section-height-default elementor-section-height-default\" data-id=\"f75e5af\" data-element_type=\"section\" data-settings=\"{&quot;jet_parallax_layout_list&quot;:[],&quot;background_background&quot;:&quot;classic&quot;}\">\n\t\t\t\t\t\t<div class=\"elementor-container elementor-column-gap-default\">\n\t\t\t\t\t<div class=\"elementor-column elementor-col-50 elementor-top-column elementor-element elementor-element-a97d2d3\" data-id=\"a97d2d3\" data-element_type=\"column\">\n\t\t\t<div class=\"elementor-widget-wrap elementor-element-populated\">\n\t\t\t\t\t\t<div class=\"elementor-element elementor-element-559b6e3 elementor-widget elementor-widget-image\" data-id=\"559b6e3\" data-element_type=\"widget\" data-widget_type=\"image.default\">\n\t\t\t\t<div class=\"elementor-widget-container\">\n\t\t\t\t\t\t\t\t\t\t\t\t\t\t\t<img loading=\"lazy\" decoding=\"async\" loading=\"lazy\" width=\"800\" height=\"534\" src=\"https:\/\/orcosbeauty.com\/wp-content\/uploads\/2022\/09\/3.-Prilike-za-posao-i-apicirajte-1024x683.jpg\" class=\"attachment-large size-large wp-image-1743\" alt=\"\" srcset=\"https:\/\/orcosbeauty.com\/wp-content\/uploads\/2022\/09\/3.-Prilike-za-posao-i-apicirajte-1024x683.jpg 1024w, https:\/\/orcosbeauty.com\/wp-content\/uploads\/2022\/09\/3.-Prilike-za-posao-i-apicirajte-300x200.jpg 300w, https:\/\/orcosbeauty.com\/wp-content\/uploads\/2022\/09\/3.-Prilike-za-posao-i-apicirajte-768x512.jpg 768w, https:\/\/orcosbeauty.com\/wp-content\/uploads\/2022\/09\/3.-Prilike-za-posao-i-apicirajte.jpg 1200w\" sizes=\"auto, (max-width: 800px) 100vw, 800px\" \/>\t\t\t\t\t\t\t\t\t\t\t\t\t\t\t<\/div>\n\t\t\t\t<\/div>\n\t\t\t\t\t<\/div>\n\t\t<\/div>\n\t\t\t\t<div class=\"elementor-column elementor-col-50 elementor-top-column elementor-element elementor-element-53bb689\" data-id=\"53bb689\" data-element_type=\"column\">\n\t\t\t<div class=\"elementor-widget-wrap elementor-element-populated\">\n\t\t\t\t\t\t<div class=\"elementor-element elementor-element-be18177 elementor-widget elementor-widget-heading\" data-id=\"be18177\" data-element_type=\"widget\" data-widget_type=\"heading.default\">\n\t\t\t\t<div class=\"elementor-widget-container\">\n\t\t\t\t\t<h4 class=\"elementor-heading-title elementor-size-default\">PRILIKE ZA POSAO<\/h4>\t\t\t\t<\/div>\n\t\t\t\t<\/div>\n\t\t\t\t<div class=\"elementor-element elementor-element-b136bed elementor-widget elementor-widget-text-editor\" data-id=\"b136bed\" data-element_type=\"widget\" data-widget_type=\"text-editor.default\">\n\t\t\t\t<div class=\"elementor-widget-container\">\n\t\t\t\t\t\t\t\t\t<p>Orcos Beauty Vam pru\u017ea priliku da poka\u017eete svoj potencijal i sti\u010dete iskustvo na regionalnom nivou, kroz rad na nekoj od slede\u0107ih pozicija: brend menad\u017ementa, prodaje, marketinga, grafi\u010dkog dizajna, mer\u010dendajzinga, administracije, finansija i logistike.<\/p>\t\t\t\t\t\t\t\t<\/div>\n\t\t\t\t<\/div>\n\t\t\t\t<div class=\"elementor-element elementor-element-f19b4fb elementor-widget elementor-widget-heading\" data-id=\"f19b4fb\" data-element_type=\"widget\" data-widget_type=\"heading.default\">\n\t\t\t\t<div class=\"elementor-widget-container\">\n\t\t\t\t\t<h4 class=\"elementor-heading-title elementor-size-default\">APLICIRAJTE ZA POSAO<\/h4>\t\t\t\t<\/div>\n\t\t\t\t<\/div>\n\t\t\t\t<div class=\"elementor-element elementor-element-ac44885 elementor-widget elementor-widget-text-editor\" data-id=\"ac44885\" data-element_type=\"widget\" data-widget_type=\"text-editor.default\">\n\t\t\t\t<div class=\"elementor-widget-container\">\n\t\t\t\t\t\t\t\t\t<p>Pridru\u017eite se na\u0161em timu ako prepoznajete mogu\u0107nosti, spremni ste da pomjeramo granice, postavljamo standard egzekucije i rastemo zajedno.<\/p><p>Za posao u na\u0161oj kompaniji mo\u017eete aplicirati slanjem CV-a na e-mail:\u00a0<span style=\"color: #00ccff;\"><a style=\"color: #00ccff;\" href=\"mailto:orcos@orcos.me\">orcos@orcos.me<\/a><\/span>.<\/p>\t\t\t\t\t\t\t\t<\/div>\n\t\t\t\t<\/div>\n\t\t\t\t\t<\/div>\n\t\t<\/div>\n\t\t\t\t\t<\/div>\n\t\t<\/section>\n\t\t\t\t<\/div>\n\t\t","protected":false},"excerpt":{"rendered":"<p>PRIDRU\u017dI SE NA\u0160EM TIMU! Nudimo visoko izazovno i motiviraju\u0107e okru\u017eenje za rad, sa operativnim mogu\u0107nostima na regionalnom nivou. Podsti\u010demo zaposlene na razvoj li\u010dnih i profesionalnih potencijala i kompetencija, motivisani zajedni\u010dkim interesima i rastom. Po\u0161tujemo i vrednujemo doprinos svakog pojednica u izgradnji kulture i identiteta kompanije. \u0160irimo tim sa li\u010dnim i profesionalnim integritetom i harizmom. VRIJEDNOSTI [&hellip;]<\/p>\n","protected":false},"author":1,"featured_media":2100,"parent":0,"menu_order":0,"comment_status":"closed","ping_status":"closed","template":"","meta":{"nf_dc_page":"","footnotes":""},"class_list":["post-881","page","type-page","status-publish","has-post-thumbnail","hentry"],"yoast_head":"<!-- This site is optimized with the Yoast SEO plugin v27.2 - https:\/\/yoast.com\/product\/yoast-seo-wordpress\/ -->\n<title>Karijera - Orcos<\/title>\n<meta name=\"description\" content=\"Pridru\u017eite se na\u0161em timu ako prepoznajete mogu\u0107nosti, spremni ste da pomjeramo granice, postavljamo standard egzekucije i rastemo zajedno.\" \/>\n<meta name=\"robots\" content=\"index, follow, max-snippet:-1, max-image-preview:large, max-video-preview:-1\" \/>\n<link rel=\"canonical\" href=\"http:\/\/orcosbeauty.com\/sr\/karijera\/\" \/>\n<meta property=\"og:locale\" content=\"sr_RS\" \/>\n<meta property=\"og:type\" content=\"article\" \/>\n<meta property=\"og:title\" content=\"Karijera - Orcos\" \/>\n<meta property=\"og:description\" content=\"Pridru\u017eite se na\u0161em timu ako prepoznajete mogu\u0107nosti, spremni ste da pomjeramo granice, postavljamo standard egzekucije i rastemo zajedno.\" \/>\n<meta property=\"og:url\" content=\"http:\/\/orcosbeauty.com\/sr\/karijera\/\" \/>\n<meta property=\"og:site_name\" content=\"Orcos\" \/>\n<meta property=\"article:modified_time\" content=\"2022-11-15T12:14:34+00:00\" \/>\n<meta property=\"og:image\" content=\"http:\/\/orcosbeauty.com\/wp-content\/uploads\/2022\/09\/orcos-featured.jpg\" \/>\n\t<meta property=\"og:image:width\" content=\"1200\" \/>\n\t<meta property=\"og:image:height\" content=\"628\" \/>\n\t<meta property=\"og:image:type\" content=\"image\/jpeg\" \/>\n<meta name=\"twitter:card\" content=\"summary_large_image\" \/>\n<script type=\"application\/ld+json\" class=\"yoast-schema-graph\">{\"@context\":\"https:\/\/schema.org\",\"@graph\":[{\"@type\":\"WebPage\",\"@id\":\"http:\/\/orcosbeauty.com\/sr\/karijera\/\",\"url\":\"http:\/\/orcosbeauty.com\/sr\/karijera\/\",\"name\":\"Karijera - Orcos\",\"isPartOf\":{\"@id\":\"http:\/\/orcosbeauty.com\/#website\"},\"primaryImageOfPage\":{\"@id\":\"http:\/\/orcosbeauty.com\/sr\/karijera\/#primaryimage\"},\"image\":{\"@id\":\"http:\/\/orcosbeauty.com\/sr\/karijera\/#primaryimage\"},\"thumbnailUrl\":\"https:\/\/orcosbeauty.com\/wp-content\/uploads\/2022\/09\/orcos-featured.jpg\",\"datePublished\":\"2022-08-24T18:53:24+00:00\",\"dateModified\":\"2022-11-15T12:14:34+00:00\",\"description\":\"Pridru\u017eite se na\u0161em timu ako prepoznajete mogu\u0107nosti, spremni ste da pomjeramo granice, postavljamo standard egzekucije i rastemo zajedno.\",\"breadcrumb\":{\"@id\":\"http:\/\/orcosbeauty.com\/sr\/karijera\/#breadcrumb\"},\"inLanguage\":\"sr-RS\",\"potentialAction\":[{\"@type\":\"ReadAction\",\"target\":[\"http:\/\/orcosbeauty.com\/sr\/karijera\/\"]}]},{\"@type\":\"ImageObject\",\"inLanguage\":\"sr-RS\",\"@id\":\"http:\/\/orcosbeauty.com\/sr\/karijera\/#primaryimage\",\"url\":\"https:\/\/orcosbeauty.com\/wp-content\/uploads\/2022\/09\/orcos-featured.jpg\",\"contentUrl\":\"https:\/\/orcosbeauty.com\/wp-content\/uploads\/2022\/09\/orcos-featured.jpg\",\"width\":1200,\"height\":628},{\"@type\":\"BreadcrumbList\",\"@id\":\"http:\/\/orcosbeauty.com\/sr\/karijera\/#breadcrumb\",\"itemListElement\":[{\"@type\":\"ListItem\",\"position\":1,\"name\":\"\u041f\u043e\u0447\u0435\u0442\u043d\u0430\",\"item\":\"https:\/\/orcosbeauty.com\/\"},{\"@type\":\"ListItem\",\"position\":2,\"name\":\"Karijera\"}]},{\"@type\":\"WebSite\",\"@id\":\"http:\/\/orcosbeauty.com\/#website\",\"url\":\"http:\/\/orcosbeauty.com\/\",\"name\":\"Orcos Beauty\",\"description\":\"Distributer mirisa i kozmetike\",\"publisher\":{\"@id\":\"http:\/\/orcosbeauty.com\/#organization\"},\"potentialAction\":[{\"@type\":\"SearchAction\",\"target\":{\"@type\":\"EntryPoint\",\"urlTemplate\":\"http:\/\/orcosbeauty.com\/?s={search_term_string}\"},\"query-input\":{\"@type\":\"PropertyValueSpecification\",\"valueRequired\":true,\"valueName\":\"search_term_string\"}}],\"inLanguage\":\"sr-RS\"},{\"@type\":\"Organization\",\"@id\":\"http:\/\/orcosbeauty.com\/#organization\",\"name\":\"Orcos\",\"url\":\"http:\/\/orcosbeauty.com\/\",\"logo\":{\"@type\":\"ImageObject\",\"inLanguage\":\"sr-RS\",\"@id\":\"http:\/\/orcosbeauty.com\/#\/schema\/logo\/image\/\",\"url\":\"https:\/\/orcosbeauty.com\/wp-content\/uploads\/2022\/09\/orcos-featured.jpg\",\"contentUrl\":\"https:\/\/orcosbeauty.com\/wp-content\/uploads\/2022\/09\/orcos-featured.jpg\",\"width\":1200,\"height\":628,\"caption\":\"Orcos\"},\"image\":{\"@id\":\"http:\/\/orcosbeauty.com\/#\/schema\/logo\/image\/\"}}]}<\/script>\n<!-- \/ Yoast SEO plugin. -->","yoast_head_json":{"title":"Karijera - Orcos","description":"Pridru\u017eite se na\u0161em timu ako prepoznajete mogu\u0107nosti, spremni ste da pomjeramo granice, postavljamo standard egzekucije i rastemo zajedno.","robots":{"index":"index","follow":"follow","max-snippet":"max-snippet:-1","max-image-preview":"max-image-preview:large","max-video-preview":"max-video-preview:-1"},"canonical":"http:\/\/orcosbeauty.com\/sr\/karijera\/","og_locale":"sr_RS","og_type":"article","og_title":"Karijera - Orcos","og_description":"Pridru\u017eite se na\u0161em timu ako prepoznajete mogu\u0107nosti, spremni ste da pomjeramo granice, postavljamo standard egzekucije i rastemo zajedno.","og_url":"http:\/\/orcosbeauty.com\/sr\/karijera\/","og_site_name":"Orcos","article_modified_time":"2022-11-15T12:14:34+00:00","og_image":[{"width":1200,"height":628,"url":"http:\/\/orcosbeauty.com\/wp-content\/uploads\/2022\/09\/orcos-featured.jpg","type":"image\/jpeg"}],"twitter_card":"summary_large_image","schema":{"@context":"https:\/\/schema.org","@graph":[{"@type":"WebPage","@id":"http:\/\/orcosbeauty.com\/sr\/karijera\/","url":"http:\/\/orcosbeauty.com\/sr\/karijera\/","name":"Karijera - Orcos","isPartOf":{"@id":"http:\/\/orcosbeauty.com\/#website"},"primaryImageOfPage":{"@id":"http:\/\/orcosbeauty.com\/sr\/karijera\/#primaryimage"},"image":{"@id":"http:\/\/orcosbeauty.com\/sr\/karijera\/#primaryimage"},"thumbnailUrl":"https:\/\/orcosbeauty.com\/wp-content\/uploads\/2022\/09\/orcos-featured.jpg","datePublished":"2022-08-24T18:53:24+00:00","dateModified":"2022-11-15T12:14:34+00:00","description":"Pridru\u017eite se na\u0161em timu ako prepoznajete mogu\u0107nosti, spremni ste da pomjeramo granice, postavljamo standard egzekucije i rastemo zajedno.","breadcrumb":{"@id":"http:\/\/orcosbeauty.com\/sr\/karijera\/#breadcrumb"},"inLanguage":"sr-RS","potentialAction":[{"@type":"ReadAction","target":["http:\/\/orcosbeauty.com\/sr\/karijera\/"]}]},{"@type":"ImageObject","inLanguage":"sr-RS","@id":"http:\/\/orcosbeauty.com\/sr\/karijera\/#primaryimage","url":"https:\/\/orcosbeauty.com\/wp-content\/uploads\/2022\/09\/orcos-featured.jpg","contentUrl":"https:\/\/orcosbeauty.com\/wp-content\/uploads\/2022\/09\/orcos-featured.jpg","width":1200,"height":628},{"@type":"BreadcrumbList","@id":"http:\/\/orcosbeauty.com\/sr\/karijera\/#breadcrumb","itemListElement":[{"@type":"ListItem","position":1,"name":"\u041f\u043e\u0447\u0435\u0442\u043d\u0430","item":"https:\/\/orcosbeauty.com\/"},{"@type":"ListItem","position":2,"name":"Karijera"}]},{"@type":"WebSite","@id":"http:\/\/orcosbeauty.com\/#website","url":"http:\/\/orcosbeauty.com\/","name":"Orcos Beauty","description":"Distributer mirisa i kozmetike","publisher":{"@id":"http:\/\/orcosbeauty.com\/#organization"},"potentialAction":[{"@type":"SearchAction","target":{"@type":"EntryPoint","urlTemplate":"http:\/\/orcosbeauty.com\/?s={search_term_string}"},"query-input":{"@type":"PropertyValueSpecification","valueRequired":true,"valueName":"search_term_string"}}],"inLanguage":"sr-RS"},{"@type":"Organization","@id":"http:\/\/orcosbeauty.com\/#organization","name":"Orcos","url":"http:\/\/orcosbeauty.com\/","logo":{"@type":"ImageObject","inLanguage":"sr-RS","@id":"http:\/\/orcosbeauty.com\/#\/schema\/logo\/image\/","url":"https:\/\/orcosbeauty.com\/wp-content\/uploads\/2022\/09\/orcos-featured.jpg","contentUrl":"https:\/\/orcosbeauty.com\/wp-content\/uploads\/2022\/09\/orcos-featured.jpg","width":1200,"height":628,"caption":"Orcos"},"image":{"@id":"http:\/\/orcosbeauty.com\/#\/schema\/logo\/image\/"}}]}},"_links":{"self":[{"href":"https:\/\/orcosbeauty.com\/sr\/wp-json\/wp\/v2\/pages\/881","targetHints":{"allow":["GET"]}}],"collection":[{"href":"https:\/\/orcosbeauty.com\/sr\/wp-json\/wp\/v2\/pages"}],"about":[{"href":"https:\/\/orcosbeauty.com\/sr\/wp-json\/wp\/v2\/types\/page"}],"author":[{"embeddable":true,"href":"https:\/\/orcosbeauty.com\/sr\/wp-json\/wp\/v2\/users\/1"}],"replies":[{"embeddable":true,"href":"https:\/\/orcosbeauty.com\/sr\/wp-json\/wp\/v2\/comments?post=881"}],"version-history":[{"count":0,"href":"https:\/\/orcosbeauty.com\/sr\/wp-json\/wp\/v2\/pages\/881\/revisions"}],"wp:featuredmedia":[{"embeddable":true,"href":"https:\/\/orcosbeauty.com\/sr\/wp-json\/wp\/v2\/media\/2100"}],"wp:attachment":[{"href":"https:\/\/orcosbeauty.com\/sr\/wp-json\/wp\/v2\/media?parent=881"}],"curies":[{"name":"wp","href":"https:\/\/api.w.org\/{rel}","templated":true}]}}